{"id":1069,"date":"2024-06-26T14:36:15","date_gmt":"2024-06-26T12:36:15","guid":{"rendered":"https:\/\/visitasnen.se\/en\/?page_id=1069"},"modified":"2024-06-26T15:58:53","modified_gmt":"2024-06-26T13:58:53","slug":"around-toftasa-mire","status":"publish","type":"page","link":"https:\/\/visitasnen.se\/en\/outdoor\/hiking\/around-toftasa-mire\/","title":{"rendered":"Around Toft\u00e5sa mire fr\u00e5n Svartsj\u00f6n"},"content":{"rendered":"","protected":false},"excerpt":{"rendered":"","protected":false},"author":2,"featured_media":0,"parent":92,"menu_order":0,"comment_status":"closed","ping_status":"closed","template":"","meta":[],"_links":{"self":[{"href":"https:\/\/visitasnen.se\/en\/wp-json\/wp\/v2\/pages\/1069"}],"collection":[{"href":"https:\/\/visitasnen.se\/en\/wp-json\/wp\/v2\/pages"}],"about":[{"href":"https:\/\/visitasnen.se\/en\/wp-json\/wp\/v2\/types\/page"}],"author":[{"embeddable":true,"href":"https:\/\/visitasnen.se\/en\/wp-json\/wp\/v2\/users\/2"}],"replies":[{"embeddable":true,"href":"https:\/\/visitasnen.se\/en\/wp-json\/wp\/v2\/comments?post=1069"}],"version-history":[{"count":2,"href":"https:\/\/visitasnen.se\/en\/wp-json\/wp\/v2\/pages\/1069\/revisions"}],"predecessor-version":[{"id":1083,"href":"https:\/\/visitasnen.se\/en\/wp-json\/wp\/v2\/pages\/1069\/revisions\/1083"}],"up":[{"embeddable":true,"href":"https:\/\/visitasnen.se\/en\/wp-json\/wp\/v2\/pages\/92"}],"wp:attachment":[{"href":"https:\/\/visitasnen.se\/en\/wp-json\/wp\/v2\/media?parent=1069"}],"curies":[{"name":"wp","href":"https:\/\/api.w.org\/{rel}","templated":true}]}}