{"id":824,"date":"2022-06-13T13:01:37","date_gmt":"2022-06-13T11:01:37","guid":{"rendered":"https:\/\/visitasnen.se\/en\/?page_id=824"},"modified":"2024-06-17T13:21:38","modified_gmt":"2024-06-17T11:21:38","slug":"sirkovagen-the-road-through-asnen","status":"publish","type":"page","link":"https:\/\/visitasnen.se\/en\/sirkovagen-the-road-through-asnen\/","title":{"rendered":"Sirk\u00f6v\u00e4gen &#8211; The road through \u00c5snen"},"content":{"rendered":"","protected":false},"excerpt":{"rendered":"","protected":false},"author":7,"featured_media":0,"parent":0,"menu_order":0,"comment_status":"closed","ping_status":"closed","template":"","meta":[],"_links":{"self":[{"href":"https:\/\/visitasnen.se\/en\/wp-json\/wp\/v2\/pages\/824"}],"collection":[{"href":"https:\/\/visitasnen.se\/en\/wp-json\/wp\/v2\/pages"}],"about":[{"href":"https:\/\/visitasnen.se\/en\/wp-json\/wp\/v2\/types\/page"}],"author":[{"embeddable":true,"href":"https:\/\/visitasnen.se\/en\/wp-json\/wp\/v2\/users\/7"}],"replies":[{"embeddable":true,"href":"https:\/\/visitasnen.se\/en\/wp-json\/wp\/v2\/comments?post=824"}],"version-history":[{"count":2,"href":"https:\/\/visitasnen.se\/en\/wp-json\/wp\/v2\/pages\/824\/revisions"}],"predecessor-version":[{"id":923,"href":"https:\/\/visitasnen.se\/en\/wp-json\/wp\/v2\/pages\/824\/revisions\/923"}],"wp:attachment":[{"href":"https:\/\/visitasnen.se\/en\/wp-json\/wp\/v2\/media?parent=824"}],"curies":[{"name":"wp","href":"https:\/\/api.w.org\/{rel}","templated":true}]}}